{"id":290,"date":"2023-07-17T19:26:11","date_gmt":"2023-07-17T19:26:11","guid":{"rendered":"https:\/\/gluwur.com\/?page_id=290"},"modified":"2023-09-06T14:15:16","modified_gmt":"2023-09-06T14:15:16","slug":"contact-me","status":"publish","type":"page","link":"https:\/\/gluwur.com\/index.php\/contact-me\/","title":{"rendered":"Contact me"},"content":{"rendered":"\n<div class=\"wp-block-columns alignwide are-vertically-aligned-center is-layout-flex wp-container-core-columns-is-layout-9d6595d7 wp-block-columns-is-layout-flex\">\n<div class=\"wp-block-column is-vertically-aligned-center is-layout-flow wp-block-column-is-layout-flow\">\n<figure class=\"wp-block-image alignwide size-full\"><img loading=\"lazy\" decoding=\"async\" width=\"695\" height=\"802\" src=\"https:\/\/gluwur.com\/wp-content\/uploads\/2023\/07\/2F243C98-8110-425B-85DC-8A0FD7EC905C.jpeg\" alt=\"\" class=\"wp-image-264\" srcset=\"https:\/\/gluwur.com\/wp-content\/uploads\/2023\/07\/2F243C98-8110-425B-85DC-8A0FD7EC905C.jpeg 695w, https:\/\/gluwur.com\/wp-content\/uploads\/2023\/07\/2F243C98-8110-425B-85DC-8A0FD7EC905C-260x300.jpeg 260w, https:\/\/gluwur.com\/wp-content\/uploads\/2023\/07\/2F243C98-8110-425B-85DC-8A0FD7EC905C-416x480.jpeg 416w\" sizes=\"auto, (max-width: 695px) 100vw, 695px\" \/><\/figure>\n<\/div>\n\n\n\n<div class=\"wp-block-column is-layout-flow wp-block-column-is-layout-flow\">\n<hr class=\"wp-block-separator has-alpha-channel-opacity\"\/>\n<\/div>\n\n\n\n<div class=\"wp-block-column is-vertically-aligned-center is-layout-flow wp-block-column-is-layout-flow\">\n<p class=\"has-text-align-center has-normal-font-size\">I live in Barcelona. Spain<\/p>\n\n\n\n<p class=\"has-text-align-center has-normal-font-size\">I am available to travel around the world<\/p>\n\n\n\n<p class=\"has-text-align-center has-medium-font-size\">To book me for classes, shibari sessions, performance, art and self-tying workshops send me a email.<\/p>\n\n\n\n<p class=\"has-text-align-center\">tap to unlock!<\/p>\n\n\n\n<p class=\"has-text-align-center has-medium-font-size\"><span \n                data-original-string='Lyz2hGwNoYHP0q4+Pz\/Shw==ddftXa5cW59L9OfIXvt5WfUO7oOWu\/bYs7TZ\/zwCiapU3g='\n                class='apbct-email-encoder'\n                title='Este contacto ha sido codificado por Anti-Spam by CleanTalk. Haz clic para decodificar. Para finalizar la decodificaci\u00f3n, aseg\u00farate de que JavaScript est\u00e1 activado en tu navegador.'>gl<span class=\"apbct-blur\">****<\/span>@<span class=\"apbct-blur\">***<\/span>il.com<\/span><\/p>\n\n\n\n<hr class=\"wp-block-separator alignwide has-alpha-channel-opacity\"\/>\n\n\n\n<p class=\"has-medium-font-size\">For information about my products and shipments. <br><\/p>\n\n\n\n<p class=\"has-text-align-center has-medium-font-size\"><span \n                data-original-string='sByUALReza7RfUZI4OMoMA==ddf6knUVDOSO7OdEdnlNnSqIXJj8WhLVvYjfth5sBXhE+M='\n                class='apbct-email-encoder'\n                title='Este contacto ha sido codificado por Anti-Spam by CleanTalk. Haz clic para decodificar. Para finalizar la decodificaci\u00f3n, aseg\u00farate de que JavaScript est\u00e1 activado en tu navegador.'>gl<span class=\"apbct-blur\">********<\/span>@<span class=\"apbct-blur\">***<\/span>il.com<\/span><\/p>\n<\/div>\n<\/div>\n\n\n\n<ul class=\"wp-block-social-links aligncenter has-huge-icon-size is-layout-flex wp-block-social-links-is-layout-flex\"><li class=\"wp-social-link wp-social-link-telegram  wp-block-social-link\"><a href=\"https:\/\/t.me\/gluwur\" class=\"wp-block-social-link-anchor\"><svg width=\"24\" height=\"24\" viewBox=\"0 0 128 128\" version=\"1.1\" xmlns=\"http:\/\/www.w3.org\/2000\/svg\" aria-hidden=\"true\" focusable=\"false\"><path d=\"M28.9700376,63.3244248 C47.6273373,55.1957357 60.0684594,49.8368063 66.2934036,47.2476366 C84.0668845,39.855031 87.7600616,38.5708563 90.1672227,38.528 C90.6966555,38.5191258 91.8804274,38.6503351 92.6472251,39.2725385 C93.294694,39.7979149 93.4728387,40.5076237 93.5580865,41.0057381 C93.6433345,41.5038525 93.7494885,42.63857 93.6651041,43.5252052 C92.7019529,53.6451182 88.5344133,78.2034783 86.4142057,89.5379542 C85.5170662,94.3339958 83.750571,95.9420841 82.0403991,96.0994568 C78.3237996,96.4414641 75.5015827,93.6432685 71.9018743,91.2836143 C66.2690414,87.5912212 63.0868492,85.2926952 57.6192095,81.6896017 C51.3004058,77.5256038 55.3966232,75.2369981 58.9976911,71.4967761 C59.9401076,70.5179421 76.3155302,55.6232293 76.6324771,54.2720454 C76.6721165,54.1030573 76.7089039,53.4731496 76.3346867,53.1405352 C75.9604695,52.8079208 75.4081573,52.921662 75.0095933,53.0121213 C74.444641,53.1403447 65.4461175,59.0880351 48.0140228,70.8551922 C45.4598218,72.6091037 43.1463059,73.4636682 41.0734751,73.4188859 C38.7883453,73.3695169 34.3926725,72.1268388 31.1249416,71.0646282 C27.1169366,69.7617838 23.931454,69.0729605 24.208838,66.8603276 C24.3533167,65.7078514 25.9403832,64.5292172 28.9700376,63.3244248 Z\" \/><\/svg><span class=\"wp-block-social-link-label screen-reader-text\">Telegram<\/span><\/a><\/li>\n\n<li class=\"wp-social-link wp-social-link-instagram  wp-block-social-link\"><a href=\"https:\/\/instagram.com\/_glu_wur_?igshid=Y2I2MzMwZWM3ZA==\" class=\"wp-block-social-link-anchor\"><svg width=\"24\" height=\"24\" viewBox=\"0 0 24 24\" version=\"1.1\" xmlns=\"http:\/\/www.w3.org\/2000\/svg\" aria-hidden=\"true\" focusable=\"false\"><path d=\"M12,4.622c2.403,0,2.688,0.009,3.637,0.052c0.877,0.04,1.354,0.187,1.671,0.31c0.42,0.163,0.72,0.358,1.035,0.673 c0.315,0.315,0.51,0.615,0.673,1.035c0.123,0.317,0.27,0.794,0.31,1.671c0.043,0.949,0.052,1.234,0.052,3.637 s-0.009,2.688-0.052,3.637c-0.04,0.877-0.187,1.354-0.31,1.671c-0.163,0.42-0.358,0.72-0.673,1.035 c-0.315,0.315-0.615,0.51-1.035,0.673c-0.317,0.123-0.794,0.27-1.671,0.31c-0.949,0.043-1.233,0.052-3.637,0.052 s-2.688-0.009-3.637-0.052c-0.877-0.04-1.354-0.187-1.671-0.31c-0.42-0.163-0.72-0.358-1.035-0.673 c-0.315-0.315-0.51-0.615-0.673-1.035c-0.123-0.317-0.27-0.794-0.31-1.671C4.631,14.688,4.622,14.403,4.622,12 s0.009-2.688,0.052-3.637c0.04-0.877,0.187-1.354,0.31-1.671c0.163-0.42,0.358-0.72,0.673-1.035 c0.315-0.315,0.615-0.51,1.035-0.673c0.317-0.123,0.794-0.27,1.671-0.31C9.312,4.631,9.597,4.622,12,4.622 M12,3 C9.556,3,9.249,3.01,8.289,3.054C7.331,3.098,6.677,3.25,6.105,3.472C5.513,3.702,5.011,4.01,4.511,4.511 c-0.5,0.5-0.808,1.002-1.038,1.594C3.25,6.677,3.098,7.331,3.054,8.289C3.01,9.249,3,9.556,3,12c0,2.444,0.01,2.751,0.054,3.711 c0.044,0.958,0.196,1.612,0.418,2.185c0.23,0.592,0.538,1.094,1.038,1.594c0.5,0.5,1.002,0.808,1.594,1.038 c0.572,0.222,1.227,0.375,2.185,0.418C9.249,20.99,9.556,21,12,21s2.751-0.01,3.711-0.054c0.958-0.044,1.612-0.196,2.185-0.418 c0.592-0.23,1.094-0.538,1.594-1.038c0.5-0.5,0.808-1.002,1.038-1.594c0.222-0.572,0.375-1.227,0.418-2.185 C20.99,14.751,21,14.444,21,12s-0.01-2.751-0.054-3.711c-0.044-0.958-0.196-1.612-0.418-2.185c-0.23-0.592-0.538-1.094-1.038-1.594 c-0.5-0.5-1.002-0.808-1.594-1.038c-0.572-0.222-1.227-0.375-2.185-0.418C14.751,3.01,14.444,3,12,3L12,3z M12,7.378 c-2.552,0-4.622,2.069-4.622,4.622S9.448,16.622,12,16.622s4.622-2.069,4.622-4.622S14.552,7.378,12,7.378z M12,15 c-1.657,0-3-1.343-3-3s1.343-3,3-3s3,1.343,3,3S13.657,15,12,15z M16.804,6.116c-0.596,0-1.08,0.484-1.08,1.08 s0.484,1.08,1.08,1.08c0.596,0,1.08-0.484,1.08-1.08S17.401,6.116,16.804,6.116z\"><\/path><\/svg><span class=\"wp-block-social-link-label screen-reader-text\">Instagram<\/span><\/a><\/li>\n\n<li class=\"wp-social-link wp-social-link-facebook  wp-block-social-link\"><a href=\"https:\/\/www.facebook.com\/profile.php?id=100010459114211\" class=\"wp-block-social-link-anchor\"><svg width=\"24\" height=\"24\" viewBox=\"0 0 24 24\" version=\"1.1\" xmlns=\"http:\/\/www.w3.org\/2000\/svg\" aria-hidden=\"true\" focusable=\"false\"><path d=\"M12 2C6.5 2 2 6.5 2 12c0 5 3.7 9.1 8.4 9.9v-7H7.9V12h2.5V9.8c0-2.5 1.5-3.9 3.8-3.9 1.1 0 2.2.2 2.2.2v2.5h-1.3c-1.2 0-1.6.8-1.6 1.6V12h2.8l-.4 2.9h-2.3v7C18.3 21.1 22 17 22 12c0-5.5-4.5-10-10-10z\"><\/path><\/svg><span class=\"wp-block-social-link-label screen-reader-text\">Facebook<\/span><\/a><\/li>\n\n<li class=\"wp-social-link wp-social-link-vimeo  wp-block-social-link\"><a href=\"https:\/\/vimeo.com\/gluwur\" class=\"wp-block-social-link-anchor\"><svg width=\"24\" height=\"24\" viewBox=\"0 0 24 24\" version=\"1.1\" xmlns=\"http:\/\/www.w3.org\/2000\/svg\" aria-hidden=\"true\" focusable=\"false\"><path d=\"M22.396,7.164c-0.093,2.026-1.507,4.799-4.245,8.32C15.322,19.161,12.928,21,10.97,21c-1.214,0-2.24-1.119-3.079-3.359 c-0.56-2.053-1.119-4.106-1.68-6.159C5.588,9.243,4.921,8.122,4.206,8.122c-0.156,0-0.701,0.328-1.634,0.98L1.594,7.841 c1.027-0.902,2.04-1.805,3.037-2.708C6.001,3.95,7.03,3.327,7.715,3.264c1.619-0.156,2.616,0.951,2.99,3.321 c0.404,2.557,0.685,4.147,0.841,4.769c0.467,2.121,0.981,3.181,1.542,3.181c0.435,0,1.09-0.688,1.963-2.065 c0.871-1.376,1.338-2.422,1.401-3.142c0.125-1.187-0.343-1.782-1.401-1.782c-0.498,0-1.012,0.115-1.541,0.341 c1.023-3.35,2.977-4.977,5.862-4.884C21.511,3.066,22.52,4.453,22.396,7.164z\"><\/path><\/svg><span class=\"wp-block-social-link-label screen-reader-text\">Vimeo<\/span><\/a><\/li><\/ul>\n\n\n\n<hr class=\"wp-block-separator has-alpha-channel-opacity\"\/>\n\n\n\n<hr class=\"wp-block-separator has-alpha-channel-opacity\"\/>\n\n\n\n<figure class=\"wp-block-image alignfull size-full\"><img loading=\"lazy\" decoding=\"async\" width=\"770\" height=\"514\" src=\"https:\/\/gluwur.com\/wp-content\/uploads\/2023\/08\/051A8D1C-A408-4B6A-AD80-691A46981664.jpeg\" alt=\"\" class=\"wp-image-417\" srcset=\"https:\/\/gluwur.com\/wp-content\/uploads\/2023\/08\/051A8D1C-A408-4B6A-AD80-691A46981664.jpeg 770w, https:\/\/gluwur.com\/wp-content\/uploads\/2023\/08\/051A8D1C-A408-4B6A-AD80-691A46981664-300x200.jpeg 300w, https:\/\/gluwur.com\/wp-content\/uploads\/2023\/08\/051A8D1C-A408-4B6A-AD80-691A46981664-768x513.jpeg 768w, https:\/\/gluwur.com\/wp-content\/uploads\/2023\/08\/051A8D1C-A408-4B6A-AD80-691A46981664-416x278.jpeg 416w\" sizes=\"auto, (max-width: 770px) 100vw, 770px\" \/><\/figure>\n","protected":false},"excerpt":{"rendered":"<p>I live in Barcelona. Spain I am available to travel around the world To book me for classes, shibari sessions, performance, art and self-tying workshops send me a email. tap to unlock! gl****@***il.com For information about my products and shipments. gl********@***il.com<\/p>\n","protected":false},"author":1,"featured_media":0,"parent":0,"menu_order":0,"comment_status":"closed","ping_status":"closed","template":"","meta":{"footnotes":""},"class_list":["post-290","page","type-page","status-publish","hentry"],"_links":{"self":[{"href":"https:\/\/gluwur.com\/index.php\/wp-json\/wp\/v2\/pages\/290","targetHints":{"allow":["GET"]}}],"collection":[{"href":"https:\/\/gluwur.com\/index.php\/wp-json\/wp\/v2\/pages"}],"about":[{"href":"https:\/\/gluwur.com\/index.php\/wp-json\/wp\/v2\/types\/page"}],"author":[{"embeddable":true,"href":"https:\/\/gluwur.com\/index.php\/wp-json\/wp\/v2\/users\/1"}],"replies":[{"embeddable":true,"href":"https:\/\/gluwur.com\/index.php\/wp-json\/wp\/v2\/comments?post=290"}],"version-history":[{"count":23,"href":"https:\/\/gluwur.com\/index.php\/wp-json\/wp\/v2\/pages\/290\/revisions"}],"predecessor-version":[{"id":450,"href":"https:\/\/gluwur.com\/index.php\/wp-json\/wp\/v2\/pages\/290\/revisions\/450"}],"wp:attachment":[{"href":"https:\/\/gluwur.com\/index.php\/wp-json\/wp\/v2\/media?parent=290"}],"curies":[{"name":"wp","href":"https:\/\/api.w.org\/{rel}","templated":true}]}}